{"id":134,"date":"2022-08-09T21:51:16","date_gmt":"2022-08-09T19:51:16","guid":{"rendered":"http:\/\/www.beyga.pl\/?page_id=134"},"modified":"2023-05-31T10:41:04","modified_gmt":"2023-05-31T08:41:04","slug":"ogolne-warunki-umowy","status":"publish","type":"page","link":"https:\/\/www.beyga.pl\/en\/ogolne-warunki-umowy\/","title":{"rendered":"General terms and conditions"},"content":{"rendered":"<div data-elementor-type=\"wp-page\" data-elementor-id=\"134\" class=\"elementor elementor-134\">\n\t\t\t\t\t\t<section class=\"elementor-section elementor-top-section elementor-element elementor-element-892e7f7 elementor-section-full_width elementor-section-stretched elementor-section-height-default elementor-section-height-default\" data-id=\"892e7f7\" data-element_type=\"section\" data-settings=\"{&quot;stretch_section&quot;:&quot;section-stretched&quot;}\">\n\t\t\t\t\t\t<div class=\"elementor-container elementor-column-gap-default\">\n\t\t\t\t\t<div class=\"elementor-column elementor-col-100 elementor-top-column elementor-element elementor-element-d208235\" data-id=\"d208235\" data-element_type=\"column\">\n\t\t\t<div class=\"elementor-widget-wrap elementor-element-populated\">\n\t\t\t\t\t\t<div class=\"elementor-element elementor-element-084f5e4 elementor-absolute elementor-widget elementor-widget-spacer\" data-id=\"084f5e4\" data-element_type=\"widget\" data-settings=\"{&quot;_position&quot;:&quot;absolute&quot;}\" data-widget_type=\"spacer.default\">\n\t\t\t\t<div class=\"elementor-widget-container\">\n\t\t\t\t\t\t\t<div class=\"elementor-spacer\">\n\t\t\t<div class=\"elementor-spacer-inner\"><\/div>\n\t\t<\/div>\n\t\t\t\t\t\t<\/div>\n\t\t\t\t<\/div>\n\t\t\t\t\t<\/div>\n\t\t<\/div>\n\t\t\t\t\t<\/div>\n\t\t<\/section>\n\t\t\t\t<section class=\"elementor-section elementor-top-section elementor-element elementor-element-5380063 elementor-section-boxed elementor-section-height-default elementor-section-height-default\" data-id=\"5380063\" data-element_type=\"section\">\n\t\t\t\t\t\t<div class=\"elementor-container elementor-column-gap-default\">\n\t\t\t\t\t<div class=\"elementor-column elementor-col-100 elementor-top-column elementor-element elementor-element-b844e8e\" data-id=\"b844e8e\" data-element_type=\"column\">\n\t\t\t<div class=\"elementor-widget-wrap elementor-element-populated\">\n\t\t\t\t\t\t<div class=\"elementor-element elementor-element-2f5f546 elementor-widget elementor-widget-spacer\" data-id=\"2f5f546\" data-element_type=\"widget\" data-widget_type=\"spacer.default\">\n\t\t\t\t<div class=\"elementor-widget-container\">\n\t\t\t\t\t\t\t<div class=\"elementor-spacer\">\n\t\t\t<div class=\"elementor-spacer-inner\"><\/div>\n\t\t<\/div>\n\t\t\t\t\t\t<\/div>\n\t\t\t\t<\/div>\n\t\t\t\t\t<\/div>\n\t\t<\/div>\n\t\t\t\t\t<\/div>\n\t\t<\/section>\n\t\t\t\t<section class=\"elementor-section elementor-top-section elementor-element elementor-element-c007a05 elementor-section-boxed elementor-section-height-default elementor-section-height-default\" data-id=\"c007a05\" data-element_type=\"section\">\n\t\t\t\t\t\t<div class=\"elementor-container elementor-column-gap-default\">\n\t\t\t\t\t<div class=\"elementor-column elementor-col-100 elementor-top-column elementor-element elementor-element-bc5bf25\" data-id=\"bc5bf25\" data-element_type=\"column\">\n\t\t\t<div class=\"elementor-widget-wrap elementor-element-populated\">\n\t\t\t\t\t\t<div class=\"elementor-element elementor-element-7ec4fa4 elementor-widget elementor-widget-spacer\" data-id=\"7ec4fa4\" data-element_type=\"widget\" data-widget_type=\"spacer.default\">\n\t\t\t\t<div class=\"elementor-widget-container\">\n\t\t\t\t\t\t\t<div class=\"elementor-spacer\">\n\t\t\t<div class=\"elementor-spacer-inner\"><\/div>\n\t\t<\/div>\n\t\t\t\t\t\t<\/div>\n\t\t\t\t<\/div>\n\t\t\t\t\t<\/div>\n\t\t<\/div>\n\t\t\t\t\t<\/div>\n\t\t<\/section>\n\t\t\t\t<section class=\"elementor-section elementor-top-section elementor-element elementor-element-35e1c17 elementor-section-boxed elementor-section-height-default elementor-section-height-default\" data-id=\"35e1c17\" data-element_type=\"section\">\n\t\t\t\t\t\t<div class=\"elementor-container elementor-column-gap-default\">\n\t\t\t\t\t<div class=\"elementor-column elementor-col-100 elementor-top-column elementor-element elementor-element-b4bad72\" data-id=\"b4bad72\" data-element_type=\"column\">\n\t\t\t<div class=\"elementor-widget-wrap elementor-element-populated\">\n\t\t\t\t\t\t<div class=\"elementor-element elementor-element-19d8e5a elementor-widget elementor-widget-heading\" data-id=\"19d8e5a\" data-element_type=\"widget\" data-widget_type=\"heading.default\">\n\t\t\t\t<div class=\"elementor-widget-container\">\n\t\t\t\t\t<h2 class=\"elementor-heading-title elementor-size-default\">general terms and conditions of the agreement<\/h2>\t\t\t\t<\/div>\n\t\t\t\t<\/div>\n\t\t\t\t<div class=\"elementor-element elementor-element-716c1dd elementor-widget elementor-widget-spacer\" data-id=\"716c1dd\" data-element_type=\"widget\" data-widget_type=\"spacer.default\">\n\t\t\t\t<div class=\"elementor-widget-container\">\n\t\t\t\t\t\t\t<div class=\"elementor-spacer\">\n\t\t\t<div class=\"elementor-spacer-inner\"><\/div>\n\t\t<\/div>\n\t\t\t\t\t\t<\/div>\n\t\t\t\t<\/div>\n\t\t\t\t<div class=\"elementor-element elementor-element-96b3e18 elementor-widget elementor-widget-text-editor\" data-id=\"96b3e18\" data-element_type=\"widget\" data-widget_type=\"text-editor.default\">\n\t\t\t\t<div class=\"elementor-widget-container\">\n\t\t\t\t\t\t\t\t\t<p>This calculation does not constitute an offer to conclude a contract within the meaning of Article 66 \u00a7 1 K. C. A is only information about the price and, as such, constitutes an invitation to enter into negotiations within the meaning of Article 71 K. C. 4<\/p><p>When placing an order, please specify the price offer number and the quantity option.<\/p><p><span style=\"color: var( --e-global-color-text );\">All changes to the above-mentioned offer that appear in the order will be subject to additional evaluation.<\/span><\/p><p><span style=\"color: var( --e-global-color-text );\">The order fulfillment period begins when all materials necessary for the start of production are delivered and the production files are finally accepted by the print shop employee.<\/span><\/p><p><span style=\"color: var( --e-global-color-text );\">After placing the order, its execution will be confirmed with an indication of the final price and the deadline for execution.<\/span><\/p><p><span style=\"color: var( --e-global-color-text );\">The quality standards and processes available on the site are an integral part of the PSA <b>www.beyga.pl<\/b>\u00a0<\/span><\/p><p><span style=\"color: var( --e-global-color-text );\">The customer declares that it recognizes that the order execution by the receiving party may differ from the number of sheets\/copies ordered in the amount of + \/ - 3 %\u00a0<\/span><span style=\"color: var( --e-global-color-text );\">In this case, the order recipient&#039;s remuneration will be reduced accordingly to the actual number of copies printed.<\/span><\/p><p><span style=\"color: var( --e-global-color-text );\">In case of defects in the order, the customer will notify you in writing or by e-mail. Accepting the order within 5 days from the delivery date, specifying at the same time\u00a0<\/span><span style=\"color: var( --e-global-color-text );\">the type of defect, and the order taker must respond to this request within 10 days of receiving a refund for the entire advertised print run.<\/span><\/p><p>Kazimierz Beyga Printing House is not responsible for further processing \/ use of defective products.<\/p><p><span style=\"color: var( --e-global-color-text );\">In order for the receiving order to process the complaint submitted, the advertised order item must be delivered to the receiving order&#039;s office. If it is not available, no complaints will be received.\u00a0<\/span><span style=\"color: var( --e-global-color-text );\">they will be reviewed.<\/span><\/p><p><span style=\"color: var( --e-global-color-text );\">The manufactured products will be ready to be received from the warehouse of the Beig printing house\u201d Kazimierz Beiga &#034; Glinno 126. 64-300 novy Tomysl or as indicated in the price offer.<\/span><\/p><p><span style=\"color: var( --e-global-color-text );\">Prices shown in the offer <b>net prices<\/b> and you should add to them <b>VAT RATE<\/b>.<\/span><\/p><p>Beyga Printing Company &#034;Kazimierz Beyga&#034; is not responsible for the files provided by customers. The Client is legally responsible for the content of uploaded files submitted for printing.\u00a0<\/p><p><span style=\"color: var( --e-global-color-text );\">The information contained in the above-mentioned offer is an enterprise secret within the meaning of article 11 of the Law of April 16, 1993 on Combating Unfair Competition.  Any transmission,\u00a0<\/span><span style=\"color: var( --e-global-color-text );\">disclosure or use of this information without the permission of Beyga Printing Company\u201d Kazimierz Beyga \" Glinno 126 64-300 Nowy Tomy\u015bl is illegal.<\/span><\/p><p>Validity of the offer: <b>1 day<\/b>\u00a0\u00a0<\/p><p>The administrator of your personal data is the printing house Beyga \"Kazimierz Beyga\" Glinno 126 64-300 Nowy Tomy\u015bl. The legal basis for processing your personal data is the need for this processing to fulfill the order, as well as our legitimate interest, in particular, in carrying out activities\u00a0<span style=\"color: var( --e-global-color-text );\">to provide services, get acquainted with the new offer, and provide an opportunity to make possible claims. You have the right to access the content of your personal data and the right to rectification, deletion, restriction of processing, the right to data portability, the right to make changes to your personal data.\u00a0<\/span><span style=\"color: var( --e-global-color-text );\">objections, the right to withdraw consent to their processing at any time.<\/span><\/p>\t\t\t\t\t\t\t\t<\/div>\n\t\t\t\t<\/div>\n\t\t\t\t\t<\/div>\n\t\t<\/div>\n\t\t\t\t\t<\/div>\n\t\t<\/section>\n\t\t\t\t<section class=\"elementor-section elementor-top-section elementor-element elementor-element-c31f147 elementor-section-boxed elementor-section-height-default elementor-section-height-default\" data-id=\"c31f147\" data-element_type=\"section\">\n\t\t\t\t\t\t<div class=\"elementor-container elementor-column-gap-default\">\n\t\t\t\t\t<div class=\"elementor-column elementor-col-100 elementor-top-column elementor-element elementor-element-fa83218\" data-id=\"fa83218\" data-element_type=\"column\">\n\t\t\t<div class=\"elementor-widget-wrap elementor-element-populated\">\n\t\t\t\t\t\t<div class=\"elementor-element elementor-element-d317c71 elementor-widget elementor-widget-spacer\" data-id=\"d317c71\" data-element_type=\"widget\" data-widget_type=\"spacer.default\">\n\t\t\t\t<div class=\"elementor-widget-container\">\n\t\t\t\t\t\t\t<div class=\"elementor-spacer\">\n\t\t\t<div class=\"elementor-spacer-inner\"><\/div>\n\t\t<\/div>\n\t\t\t\t\t\t<\/div>\n\t\t\t\t<\/div>\n\t\t\t\t\t<\/div>\n\t\t<\/div>\n\t\t\t\t\t<\/div>\n\t\t<\/section>\n\t\t\t\t<\/div>","protected":false},"excerpt":{"rendered":"<p>og\u00f3lne warunki umowy Niniejsza kalkulacja nie stanowi oferty zawarcia umowy w rozumieniu art. 66 \u00a7 1 K.C. a jest jedynie informacj\u0105 o cenie i jako taka stanowi zaproszenie do rozpocz\u0119cia negocjacji w rozumieniu art. 71 K.C.4 Sk\u0142adaj\u0105c zam\u00f3wienie prosimy powo\u0142ywa\u0107 si\u0119 na numer oferty cenowej oraz wskazanie wariantu ilo\u015bciowego. Wszystkie zmiany w stosunku do powy\u017cszej [&hellip;]<\/p>","protected":false},"author":1,"featured_media":0,"parent":0,"menu_order":1,"comment_status":"closed","ping_status":"closed","template":"","meta":{"footnotes":""},"acf":[],"_links":{"self":[{"href":"https:\/\/www.beyga.pl\/en\/wp-json\/wp\/v2\/pages\/134"}],"collection":[{"href":"https:\/\/www.beyga.pl\/en\/wp-json\/wp\/v2\/pages"}],"about":[{"href":"https:\/\/www.beyga.pl\/en\/wp-json\/wp\/v2\/types\/page"}],"author":[{"embeddable":true,"href":"https:\/\/www.beyga.pl\/en\/wp-json\/wp\/v2\/users\/1"}],"replies":[{"embeddable":true,"href":"https:\/\/www.beyga.pl\/en\/wp-json\/wp\/v2\/comments?post=134"}],"version-history":[{"count":39,"href":"https:\/\/www.beyga.pl\/en\/wp-json\/wp\/v2\/pages\/134\/revisions"}],"predecessor-version":[{"id":1105,"href":"https:\/\/www.beyga.pl\/en\/wp-json\/wp\/v2\/pages\/134\/revisions\/1105"}],"wp:attachment":[{"href":"https:\/\/www.beyga.pl\/en\/wp-json\/wp\/v2\/media?parent=134"}],"curies":[{"name":"wp","href":"https:\/\/api.w.org\/{rel}","templated":true}]}}