{"id":2,"date":"2021-05-16T14:14:32","date_gmt":"2021-05-16T12:14:32","guid":{"rendered":"http:\/\/www.beyga.pl\/?page_id=2"},"modified":"2023-05-31T12:28:19","modified_gmt":"2023-05-31T10:28:19","slug":"strona-glowna","status":"publish","type":"page","link":"https:\/\/www.beyga.pl\/en\/","title":{"rendered":"Strona g\u0142\u00f3wna"},"content":{"rendered":"<p>Beyga Printing house is a family-owned business that has been around for more than a decade <strong>25 years old<\/strong>. We have a team of qualified specialists in the field of printing, who make sure that our customers &#039; orders are made in high quality and delivered to the specified address on time.<\/p>\n<p>The main branch of production is <strong>offset printing<\/strong>, we also specialize in\u00a0<strong>digital printing<\/strong>\u00a0i\u00a0<strong>large format<\/strong>.<\/p>","protected":false},"excerpt":{"rendered":"<p>Drukarnia Beyga jest rodzinn\u0105 firm\u0105, kt\u00f3ra istnieje od ponad 25 lat. Posiadamy zesp\u00f3\u0142 wykwalifikowanych fachowc\u00f3w z dziedziny poligrafii, kt\u00f3rzy nadzoruj\u0105 aby zam\u00f3wienia naszych klient\u00f3w by\u0142y wyprodukowane w najwy\u017cszej jako\u015bci i dostarczone pod wskazany adres w ustalonym terminie. G\u0142\u00f3wn\u0105 ga\u0142\u0119zi\u0105 produkcji jest druk offsetowy, specjalizujemy si\u0119 r\u00f3wnie\u017c w\u00a0druku cyfrowym\u00a0i\u00a0wielkoformatowym.<\/p>","protected":false},"author":1,"featured_media":0,"parent":0,"menu_order":8,"comment_status":"closed","ping_status":"closed","template":"","meta":{"footnotes":""},"acf":[],"_links":{"self":[{"href":"https:\/\/www.beyga.pl\/en\/wp-json\/wp\/v2\/pages\/2"}],"collection":[{"href":"https:\/\/www.beyga.pl\/en\/wp-json\/wp\/v2\/pages"}],"about":[{"href":"https:\/\/www.beyga.pl\/en\/wp-json\/wp\/v2\/types\/page"}],"author":[{"embeddable":true,"href":"https:\/\/www.beyga.pl\/en\/wp-json\/wp\/v2\/users\/1"}],"replies":[{"embeddable":true,"href":"https:\/\/www.beyga.pl\/en\/wp-json\/wp\/v2\/comments?post=2"}],"version-history":[{"count":25,"href":"https:\/\/www.beyga.pl\/en\/wp-json\/wp\/v2\/pages\/2\/revisions"}],"predecessor-version":[{"id":1125,"href":"https:\/\/www.beyga.pl\/en\/wp-json\/wp\/v2\/pages\/2\/revisions\/1125"}],"wp:attachment":[{"href":"https:\/\/www.beyga.pl\/en\/wp-json\/wp\/v2\/media?parent=2"}],"curies":[{"name":"wp","href":"https:\/\/api.w.org\/{rel}","templated":true}]}}